{"id":4418,"date":"2023-02-28T06:58:46","date_gmt":"2023-02-28T05:58:46","guid":{"rendered":"https:\/\/andyrepare.fr\/?page_id=4418"},"modified":"2023-03-18T08:26:36","modified_gmt":"2023-03-18T07:26:36","slug":"mention-legal","status":"publish","type":"page","link":"https:\/\/andyrepare.fr\/?page_id=4418","title":{"rendered":"Mention L\u00e9gal"},"content":{"rendered":"\n<p><strong>Mentions L\u00e9gal<\/strong><\/p>\n\n\n\n<p><strong>L\u2019\u00e9diteur :<\/strong><\/p>\n\n\n\n<p>Le site internet&nbsp;<a href=\"https:\/\/andyrepare.fr\"><\/a><a href=\"https:\/\/andyrepare.fr\">https:\/\/andyrepare.fr<\/a>&nbsp;est \u00e9dit\u00e9 par la soci\u00e9t\u00e9 Andyr\u00e9pare, une entreprise enregistr\u00e9e en France. Adresse : 74 route des gambins 69250 Poleymieux au mont d&rsquo;or T\u00e9l\u00e9phone : 06.65.38.16.18 Email : contact@andyrepare.fr<\/p>\n\n\n\n<p><strong>L\u2019h\u00e9bergeur :<\/strong><\/p>\n\n\n\n<p>Le site internet&nbsp;<a href=\"https:\/\/conseilrestopro.com\/\"><\/a><a href=\"https:\/\/andyrepare.fr\">https:\/\/andyrepare.fr<\/a>&nbsp;est h\u00e9berg\u00e9 par OVH, une entreprise de services d\u2019h\u00e9bergement de sites web en France. Adresse :&nbsp;<strong>2 rue Kellermann \u2013 BP 80157 59053 ROUBAIX CEDEX 1<\/strong><\/p>\n\n\n\n<p><strong>Le Droit d\u2019auteur :<\/strong><\/p>\n\n\n\n<p>Tout le contenu pr\u00e9sent sur le site internet&nbsp;<a href=\"https:\/\/andyrepare.fr\"><\/a><a href=\"https:\/\/andyrepare.fr\">https:\/\/andyrepare.fr<\/a>, y compris les textes, images, graphiques, logos et autres \u00e9l\u00e9ments, est prot\u00e9g\u00e9 par les lois sur les droits d\u2019auteur et les autres lois sur la propri\u00e9t\u00e9 intellectuelle en vigueur. La reproduction, la modification, la distribution, la diffusion ou tout autre usage commercial non autoris\u00e9 de ce contenu sont strictement interdits. Les marques de commerce et logos affich\u00e9s sur ce site sont la propri\u00e9t\u00e9 de leurs propri\u00e9taires respectifs.<\/p>\n\n\n\n<p><strong>La Protection des donn\u00e9es personnelles :<\/strong><\/p>\n\n\n\n<p>Le site internet&nbsp;<a href=\"https:\/\/conseilrestopro.com\/\"><\/a><a href=\"https:\/\/andyrepare.fr\">https:\/\/andyrepare.fr<\/a>&nbsp;respecte la vie priv\u00e9e de ses utilisateurs et traite leurs donn\u00e9es personnelles de mani\u00e8re confidentielle et en conformit\u00e9 avec les lois et r\u00e9glementations applicables en mati\u00e8re de protection des donn\u00e9es personnelles. Pour en savoir plus sur les pratiques de protection de la vie priv\u00e9e de notre entreprise, veuillez consulter notre politique de confidentialit\u00e9 disponible sur ce site.<\/p>\n\n\n\n<p><strong>Les Conditions g\u00e9n\u00e9rales d\u2019utilisation :<\/strong><\/p>\n\n\n\n<p>L\u2019utilisation du site internet&nbsp;<a href=\"https:\/\/andyrepare.fr\">https:\/\/andyrepare.fr<\/a>&nbsp;implique l\u2019acceptation sans r\u00e9serve des conditions g\u00e9n\u00e9rales d\u2019utilisation en vigueur. Si vous n\u2019acceptez pas ces conditions, nous vous prions de ne pas utiliser ce site. Les conditions g\u00e9n\u00e9rales d\u2019utilisation peuvent \u00eatre modifi\u00e9es \u00e0 tout moment et sans pr\u00e9avis par notre entreprise. Il est donc important de les consulter r\u00e9guli\u00e8rement pour \u00eatre inform\u00e9 des \u00e9ventuelles modifications.<\/p>\n\n\n\n<p><strong>La Mise \u00e0 jour :<\/strong><\/p>\n\n\n\n<p>Ces mentions l\u00e9gales peuvent \u00eatre modifi\u00e9es \u00e0 tout moment et sans pr\u00e9avis par AndyRepare. Il est donc important de les consulter r\u00e9guli\u00e8rement pour \u00eatre inform\u00e9 des \u00e9ventuelles modifications. La derni\u00e8re mise \u00e0 jour a eu lieu le 30\/01\/2023.<\/p>\n\n\n\n<p><strong>La Responsabilit\u00e9 :<\/strong><\/p>\n\n\n\n<p>Conseil Resto Pro ne garantit pas l\u2019exactitude, la compl\u00e9tude, la fiabilit\u00e9 ni l\u2019actualit\u00e9 des informations contenues sur le site internet<a href=\"https:\/\/andyrepare.fr\">&nbsp;https:\/\/andyrepare.fr<\/a>&nbsp;. En aucun cas, AndyRepare ne peut \u00eatre tenue responsable des dommages directs ou indirects, tels que, sans limitation, les pertes de b\u00e9n\u00e9fices, de client\u00e8le ou de donn\u00e9es, d\u00e9coulant de l\u2019utilisation ou de l\u2019impossibilit\u00e9 d\u2019utiliser ce site ou de tout autre site li\u00e9 \u00e0 celui-ci.<\/p>\n\n\n\n<p><strong>Liens vers d\u2019autres sites :<\/strong><\/p>\n\n\n\n<p>Le site internet&nbsp;<a href=\"https:\/\/andyrepare.fr\">https:\/\/andyrepare.fr<\/a>&nbsp;peut contenir des liens vers d\u2019autres sites, qui ne sont pas sous notre contr\u00f4le. Nous ne sommes pas responsables du contenu de ces sites ou de tout autre lien contenu dans un site li\u00e9. L\u2019inclusion de tout lien ne signifie pas n\u00e9cessairement une approbation ou une recommandation de la part de AndyRepare.<\/p>\n\n\n\n<p><strong>Loi applicable et juridiction comp\u00e9tente :<\/strong><\/p>\n\n\n\n<p>Les conditions g\u00e9n\u00e9rales d\u2019utilisation et les mentions l\u00e9gales de ce site sont r\u00e9gies et interpr\u00e9t\u00e9es conform\u00e9ment \u00e0 la l\u00e9gislation en vigueur en France. Tout litige d\u00e9coulant de ou en relation avec l\u2019utilisation de ce site sera soumis \u00e0 la juridiction des tribunaux comp\u00e9tents en France.<\/p>\n","protected":false},"excerpt":{"rendered":"<p>Mentions L\u00e9gal L\u2019\u00e9diteur : Le site internet&nbsp;https:\/\/andyrepare.fr&nbsp;est \u00e9dit\u00e9 par la soci\u00e9t\u00e9 Andyr\u00e9pare, une entreprise enregistr\u00e9e en France. Adresse : 74 route des gambins 69250 Poleymieux au mont d&rsquo;or T\u00e9l\u00e9phone : 06.65.38.16.18 Email : contact@andyrepare.fr L\u2019h\u00e9bergeur : Le site internet&nbsp;https:\/\/andyrepare.fr&nbsp;est h\u00e9berg\u00e9 par OVH, une entreprise de services d\u2019h\u00e9bergement de sites web [&hellip;]<\/p>\n","protected":false},"author":1,"featured_media":0,"parent":0,"menu_order":0,"comment_status":"closed","ping_status":"closed","template":"","meta":{"_seopress_robots_primary_cat":"","_seopress_titles_title":"","_seopress_titles_desc":"","_seopress_robots_index":"","footnotes":""},"_links":{"self":[{"href":"https:\/\/andyrepare.fr\/index.php?rest_route=\/wp\/v2\/pages\/4418"}],"collection":[{"href":"https:\/\/andyrepare.fr\/index.php?rest_route=\/wp\/v2\/pages"}],"about":[{"href":"https:\/\/andyrepare.fr\/index.php?rest_route=\/wp\/v2\/types\/page"}],"author":[{"embeddable":true,"href":"https:\/\/andyrepare.fr\/index.php?rest_route=\/wp\/v2\/users\/1"}],"replies":[{"embeddable":true,"href":"https:\/\/andyrepare.fr\/index.php?rest_route=%2Fwp%2Fv2%2Fcomments&post=4418"}],"version-history":[{"count":6,"href":"https:\/\/andyrepare.fr\/index.php?rest_route=\/wp\/v2\/pages\/4418\/revisions"}],"predecessor-version":[{"id":4436,"href":"https:\/\/andyrepare.fr\/index.php?rest_route=\/wp\/v2\/pages\/4418\/revisions\/4436"}],"wp:attachment":[{"href":"https:\/\/andyrepare.fr\/index.php?rest_route=%2Fwp%2Fv2%2Fmedia&parent=4418"}],"curies":[{"name":"wp","href":"https:\/\/api.w.org\/{rel}","templated":true}]}}