{"id":4437,"date":"2023-03-18T08:44:26","date_gmt":"2023-03-18T07:44:26","guid":{"rendered":"https:\/\/andyrepare.fr\/?page_id=4437"},"modified":"2023-03-18T08:44:28","modified_gmt":"2023-03-18T07:44:28","slug":"plans-de-site","status":"publish","type":"page","link":"https:\/\/andyrepare.fr\/?page_id=4437","title":{"rendered":"Plans de site"},"content":{"rendered":"\n<div class=\"wrap-html-sitemap sp-html-sitemap\"><div class=\"sp-wrap-cpt\"><h2 class=\"sp-cpt-name\">Pages<\/h2><ul class=\"sp-list-posts sp-cpt-hierarchical\"><li class=\"page_item page-item-4286 current_page_parent\"><a href=\"https:\/\/andyrepare.fr\/?page_id=4286\">Blog<\/a><\/li><li class=\"page_item page-item-3\"><a href=\"https:\/\/andyrepare.fr\/?page_id=3\">Politique de confidentialit\u00e9<\/a><\/li><li class=\"page_item page-item-10\"><a href=\"https:\/\/andyrepare.fr\/?page_id=10\">Contact<\/a><\/li><li class=\"page_item page-item-81\"><a href=\"https:\/\/andyrepare.fr\/?page_id=81\">D\u00e9sinfecter votre ordinateur lent<\/a><\/li><li class=\"page_item page-item-83\"><a href=\"https:\/\/andyrepare.fr\/?page_id=83\">R\u00e9cup\u00e9ration de donn\u00e9es<\/a><\/li><li class=\"page_item page-item-134\"><a href=\"https:\/\/andyrepare.fr\/?page_id=134\">R\u00e9paration de smartphone<\/a><\/li><li class=\"page_item page-item-4418\"><a href=\"https:\/\/andyrepare.fr\/?page_id=4418\">Mention L\u00e9gal<\/a><\/li><li class=\"page_item page-item-4437\"><a href=\"https:\/\/andyrepare.fr\/?page_id=4437\">Plans de site<\/a><\/li><li class=\"page_item page-item-8\"><a href=\"https:\/\/andyrepare.fr\/\">Restons en contact<\/a><\/li><\/ul><\/div><div class=\"sp-wrap-cpt\"><h2 class=\"sp-cpt-name\">Articles<\/h2><\/div><\/div>\n","protected":false},"excerpt":{"rendered":"","protected":false},"author":1,"featured_media":0,"parent":0,"menu_order":0,"comment_status":"closed","ping_status":"closed","template":"","meta":{"_seopress_robots_primary_cat":"","_seopress_titles_title":"","_seopress_titles_desc":"","_seopress_robots_index":"","footnotes":""},"_links":{"self":[{"href":"https:\/\/andyrepare.fr\/index.php?rest_route=\/wp\/v2\/pages\/4437"}],"collection":[{"href":"https:\/\/andyrepare.fr\/index.php?rest_route=\/wp\/v2\/pages"}],"about":[{"href":"https:\/\/andyrepare.fr\/index.php?rest_route=\/wp\/v2\/types\/page"}],"author":[{"embeddable":true,"href":"https:\/\/andyrepare.fr\/index.php?rest_route=\/wp\/v2\/users\/1"}],"replies":[{"embeddable":true,"href":"https:\/\/andyrepare.fr\/index.php?rest_route=%2Fwp%2Fv2%2Fcomments&post=4437"}],"version-history":[{"count":1,"href":"https:\/\/andyrepare.fr\/index.php?rest_route=\/wp\/v2\/pages\/4437\/revisions"}],"predecessor-version":[{"id":4438,"href":"https:\/\/andyrepare.fr\/index.php?rest_route=\/wp\/v2\/pages\/4437\/revisions\/4438"}],"wp:attachment":[{"href":"https:\/\/andyrepare.fr\/index.php?rest_route=%2Fwp%2Fv2%2Fmedia&parent=4437"}],"curies":[{"name":"wp","href":"https:\/\/api.w.org\/{rel}","templated":true}]}}